{"id":11899,"date":"2021-12-09T20:15:00","date_gmt":"2021-12-09T19:15:00","guid":{"rendered":"https:\/\/www.cdj-bouffort.com\/?page_id=11899"},"modified":"2021-12-23T12:48:15","modified_gmt":"2021-12-23T11:48:15","slug":"injonction-de-payer","status":"publish","type":"page","link":"https:\/\/www.cdj-bouffort.com\/index.php\/practice-areas\/injonction-de-payer\/","title":{"rendered":"Injonction de Payer"},"content":{"rendered":"<p>[vc_row][vc_column]<h1 style=\"text-align:center;font-size:25px;\" class=\"themestek-custom-heading \" >Injonction de payer<\/h1>\n<h2 style=\"text-align:center;font-size:18px;\" class=\"themestek-custom-heading \" ><a href=\"https:\/\/www.cdj-bouffort.com\/index.php\/service\/recouvrement-judiciaire\/\" title=\"Recouvrement judiciaire\">Recouvrement judiciaire Loiret (45), Loir et Cher (41), Indre et Loire (37)<\/a><\/h2>\n[vc_column_text]Une entreprise doit pouvoir r\u00e9cup\u00e9rer facilement et rapidement une cr\u00e9ance client. L<strong>\u2019injonction de payer<\/strong> est une proc\u00e9dure de <strong>recouvrement<\/strong> efficace : sans contestation de la d\u00e9cision de justice, le d\u00e9biteur est forc\u00e9 au paiement.<\/p>\n<p>L\u2019injonction de payer est une proc\u00e9dure qui n\u00e9cessite la <strong>signification<\/strong> de l\u2019huissier de justice.<strong> CDJ Bouffort<\/strong> bas\u00e9 \u00e0 Orl\u00e9ans (45000) et son \u00e9tude d\u2019huissiers sont \u00e0 votre service pour mettre en place la proc\u00e9dure de A \u00e0 Z et vous permettre de r\u00e9cup\u00e9rer vos cr\u00e9ances dans les meilleurs d\u00e9lais. Nos clients obtiennent gain de cause suite \u00e0 cette proc\u00e9dure sous 2 semaines \u00e0 2 mois.[\/vc_column_text][\/vc_column][\/vc_row][vc_row][vc_column width=\u00a0\u00bb1\/2&Prime;][vc_single_image image=\u00a0\u00bb11690&Prime; img_size=\u00a0\u00bblarge\u00a0\u00bb][\/vc_column][vc_column width=\u00a0\u00bb1\/2&Prime;]<h2 style=\"text-align:left;font-size:20px;\" class=\"themestek-custom-heading \" >Les avantages de l\u2019injonction de payer<\/h2>\n[vc_column_text]<\/p>\n<ul>\n<li>Obtention une d\u00e9cision de justice uniquement sur les \u00e9l\u00e9ments communiqu\u00e9s par le cr\u00e9ancier,<\/li>\n<li>Contestation de la d\u00e9cision de justice uniquement si le d\u00e9biteur fait opposition<\/li>\n<\/ul>\n<p>[\/vc_column_text][\/vc_column][\/vc_row][vc_row][vc_column]<h2 style=\"text-align:left;font-size:20px;\" class=\"themestek-custom-heading \" >Le tribunal impliqu\u00e9 dans la d\u00e9cision de justice<\/h2>\n[vc_column_text]En fonction du type de d\u00e9biteur-particulier ou professionnel-, le tribunal saisi sera le tribunal judiciaire ou le tribunal de commerce. L\u2019<strong>adresse du d\u00e9biteur<\/strong> d\u00e9termine quel tribunal jugera l\u2019affaire. <a href=\"https:\/\/www.cdj-bouffort.com\/\"><strong>CDJ Bouffort<\/strong><\/a> est comp\u00e9tent <strong>territorialement<\/strong>\u00a0dans le <strong>Loiret (45), <\/strong>le\u00a0<b>Loir et Cher (41)<\/b> et l\u2019<b>Indre et Loire (37)\u00a0<\/b>pour la proc\u00e9dure d\u2019<strong>injonction de payer<\/strong>.[\/vc_column_text][\/vc_column][\/vc_row][vc_row][vc_column]<h2 style=\"text-align:left;font-size:20px;\" class=\"themestek-custom-heading \" >La d\u00e9cision de justice : Ordonnance favorable \/ Ordonnance rejet\u00e9e<\/h2>\n<h3 style=\"text-align:left;font-size:18px;\" class=\"themestek-custom-heading \" >Ordonnance favorable<\/h3>\n[vc_column_text]Si l\u2019ordonnance est favorable, vous recevrez par courrier une <b>ordonnance de paiement<\/b> avec les sommes que votre client est condamn\u00e9 \u00e0 vous r\u00e9gler (principal, int\u00e9r\u00eats, frais de greffe pour le Tribunal de commerce\u2026).[\/vc_column_text]<h3 style=\"text-align:left;font-size:18px;\" class=\"themestek-custom-heading \" >Ordonnance rejet\u00e9e<\/h3>\n[vc_column_text]En cas d&rsquo;ordonnance de rejet, CDJ BOUFFORT entame \u00e9ventuellement une 2nde requ\u00eate au tribunal si le client peut lui fournir de <strong>nouveaux \u00e9l\u00e9ments de preuve<\/strong> de relation commerciale act\u00e9e comme un email du d\u00e9biteur, un ch\u00e8que d\u2019acompte\u2026<\/p>\n<p>Suite \u00e0 une nouvelle ordonnance de rejet, <strong>aucun recours n\u2019est possible<\/strong>, il faut passer par l\u2019<a href=\"https:\/\/www.cdj-bouffort.com\/index.php\/practice-areas\/refere-provision-recouvrement\/\"><strong>assignation en r\u00e9f\u00e9r\u00e9<\/strong><\/a>, qui est une autre proc\u00e9dure de recouvrement.[\/vc_column_text][\/vc_column][\/vc_row][vc_row][vc_column width=\u00a0\u00bb1\/2&Prime;]<h2 style=\"text-align:left;font-size:18px;line-height:1.5;\" class=\"themestek-custom-heading \" >La signification de l\u2019huissier par Ma\u00eetre Bouffort<\/h2>\n[vc_column_text]L\u2019ordonnance condamne votre client? Votre d\u00e9biteur doit \u00eatre <a href=\"https:\/\/www.cdj-bouffort.com\/index.php\/service\/signification-acte\/\"><strong>signifi\u00e9 par huissier de justice<\/strong><\/a> dans les 6 mois suivant la d\u00e9cision de justice.<\/p>\n<p>CDJ BOUFFORT est une <strong>\u00e9tude d\u2019huissiers de justice<\/strong> bas\u00e9e \u00e0 Orl\u00e9ans <strong>(45000)<\/strong>. Si votre client est bas\u00e9 dans le d\u00e9partement du <strong>Loiret (45)<\/strong>,\u00a0<b>Loir et Cher (41)<\/b>,\u00a0<b>Indre et Loire (37),\u00a0<\/b>notre \u00e9tude est habilit\u00e9e \u00e0 lui d\u00e9livrer l\u2019<strong>acte de signification<\/strong>.[\/vc_column_text][\/vc_column][vc_column width=\u00a0\u00bb1\/2&Prime;][vc_single_image image=\u00a0\u00bb12084&Prime; img_size=\u00a0\u00bblarge\u00a0\u00bb][\/vc_column][\/vc_row][vc_row][vc_column][vc_column_text]La <strong>signification<\/strong> par huissier permet d\u2019<strong>informer votre client<\/strong> de votre action en justice et de la d\u00e9cision de justice en votre faveur. Le d\u00e9biteur dispose d\u2019un mois pour r\u00e9gler ses dettes. G\u00e9n\u00e9ralement, la signification par huissier d\u00e9clenche le paiement. Cependant, il peut arriver que le client s\u2019oppose \u00e0 la d\u00e9cision de justice ou ne r\u00e9agisse pas \u00e0 la signification. Si le client ne r\u00e9agit pas, un de nos huissiers pourra ex\u00e9cuter lui-m\u00eame la d\u00e9cision de justice par le biais de la <strong>saisie<\/strong> par exemple.<\/p>\n<p>L\u2019injonction de payer est <b>la proc\u00e9dure judiciaire la plus efficace<\/b> pour les \u00ab\u00a0petites\u00a0\u00bb cr\u00e9ances de quelques centaines \u00e0 quelques dizaines de milliers<span class=\"Apple-converted-space\">\u00a0 <\/span>d&rsquo;euros.[\/vc_column_text][\/vc_column][\/vc_row]<\/p>\n","protected":false},"excerpt":{"rendered":"<p>[vc_row][vc_column][vc_column_text]Une entreprise doit pouvoir r\u00e9cup\u00e9rer facilement et rapidement une cr\u00e9ance client. L\u2019injonction de payer est une proc\u00e9dure de recouvrement efficace : sans contestation de la d\u00e9cision de justice, le d\u00e9biteur est forc\u00e9 au paiement. L\u2019injonction de payer est une proc\u00e9dure qui n\u00e9cessite la signification de l\u2019huissier de justice. CDJ Bouffort bas\u00e9 \u00e0 Orl\u00e9ans (45000) et &hellip; <a href=\"https:\/\/www.cdj-bouffort.com\/index.php\/practice-areas\/injonction-de-payer\/\" class=\"more-link\">Continue reading <span class=\"screen-reader-text\">Injonction de Payer<\/span><\/a><\/p>\n","protected":false},"author":2,"featured_media":0,"parent":6698,"menu_order":0,"comment_status":"closed","ping_status":"closed","template":"","meta":[],"yoast_head":"<!-- This site is optimized with the Yoast SEO plugin v17.6 - https:\/\/yoast.com\/wordpress\/plugins\/seo\/ -->\n<title>Injonction de Payer - Recouvrement Huissier de Justice - Ma\u00eetre Bouffort<\/title>\n<meta name=\"description\" content=\"R\u00e9cup\u00e9rez vos cr\u00e9ances rapidement. Recouvrement par Ma\u00eetre Bouffort et son \u00e9tude dans le Loiret (45), Loir et Cher (41), Indre et loire (37).\" \/>\n<meta name=\"robots\" content=\"index, follow, max-snippet:-1, max-image-preview:large, max-video-preview:-1\" \/>\n<link rel=\"canonical\" href=\"https:\/\/www.cdj-bouffort.com\/index.php\/practice-areas\/injonction-de-payer\/\" \/>\n<meta property=\"og:locale\" content=\"fr_FR\" \/>\n<meta property=\"og:type\" content=\"article\" \/>\n<meta property=\"og:title\" content=\"Injonction de Payer - Recouvrement Huissier de Justice - Ma\u00eetre Bouffort\" \/>\n<meta property=\"og:description\" content=\"R\u00e9cup\u00e9rez vos cr\u00e9ances rapidement. Recouvrement par Ma\u00eetre Bouffort et son \u00e9tude dans le Loiret (45), Loir et Cher (41), Indre et loire (37).\" \/>\n<meta property=\"og:url\" content=\"https:\/\/www.cdj-bouffort.com\/index.php\/practice-areas\/injonction-de-payer\/\" \/>\n<meta property=\"og:site_name\" content=\"SCP B\u00e9reng\u00e8re BOUFFORT\" \/>\n<meta property=\"article:modified_time\" content=\"2021-12-23T11:48:15+00:00\" \/>\n<meta name=\"twitter:card\" content=\"summary_large_image\" \/>\n<meta name=\"twitter:label1\" content=\"Dur\u00e9e de lecture estim\u00e9e\" \/>\n\t<meta name=\"twitter:data1\" content=\"4 minutes\" \/>\n<script type=\"application\/ld+json\" class=\"yoast-schema-graph\">{\"@context\":\"https:\/\/schema.org\",\"@graph\":[{\"@type\":\"WebSite\",\"@id\":\"https:\/\/www.cdj-bouffort.com\/#website\",\"url\":\"https:\/\/www.cdj-bouffort.com\/\",\"name\":\"SCP B\\u00e9reng\\u00e8re BOUFFORT\",\"description\":\"Huissier de justice\",\"potentialAction\":[{\"@type\":\"SearchAction\",\"target\":{\"@type\":\"EntryPoint\",\"urlTemplate\":\"https:\/\/www.cdj-bouffort.com\/?s={search_term_string}\"},\"query-input\":\"required name=search_term_string\"}],\"inLanguage\":\"fr-FR\"},{\"@type\":\"WebPage\",\"@id\":\"https:\/\/www.cdj-bouffort.com\/index.php\/practice-areas\/injonction-de-payer\/#webpage\",\"url\":\"https:\/\/www.cdj-bouffort.com\/index.php\/practice-areas\/injonction-de-payer\/\",\"name\":\"Injonction de Payer - Recouvrement Huissier de Justice - Ma\\u00eetre Bouffort\",\"isPartOf\":{\"@id\":\"https:\/\/www.cdj-bouffort.com\/#website\"},\"datePublished\":\"2021-12-09T19:15:00+00:00\",\"dateModified\":\"2021-12-23T11:48:15+00:00\",\"description\":\"R\\u00e9cup\\u00e9rez vos cr\\u00e9ances rapidement. Recouvrement par Ma\\u00eetre Bouffort et son \\u00e9tude dans le Loiret (45), Loir et Cher (41), Indre et loire (37).\",\"breadcrumb\":{\"@id\":\"https:\/\/www.cdj-bouffort.com\/index.php\/practice-areas\/injonction-de-payer\/#breadcrumb\"},\"inLanguage\":\"fr-FR\",\"potentialAction\":[{\"@type\":\"ReadAction\",\"target\":[\"https:\/\/www.cdj-bouffort.com\/index.php\/practice-areas\/injonction-de-payer\/\"]}]},{\"@type\":\"BreadcrumbList\",\"@id\":\"https:\/\/www.cdj-bouffort.com\/index.php\/practice-areas\/injonction-de-payer\/#breadcrumb\",\"itemListElement\":[{\"@type\":\"ListItem\",\"position\":1,\"name\":\"Accueil\",\"item\":\"https:\/\/www.cdj-bouffort.com\/\"},{\"@type\":\"ListItem\",\"position\":2,\"name\":\"NOS SERVICES\",\"item\":\"https:\/\/www.cdj-bouffort.com\/index.php\/practice-areas\/\"},{\"@type\":\"ListItem\",\"position\":3,\"name\":\"Injonction de Payer\"}]}]}<\/script>\n<!-- \/ Yoast SEO plugin. -->","yoast_head_json":{"title":"Injonction de Payer - Recouvrement Huissier de Justice - Ma\u00eetre Bouffort","description":"R\u00e9cup\u00e9rez vos cr\u00e9ances rapidement. Recouvrement par Ma\u00eetre Bouffort et son \u00e9tude dans le Loiret (45), Loir et Cher (41), Indre et loire (37).","robots":{"index":"index","follow":"follow","max-snippet":"max-snippet:-1","max-image-preview":"max-image-preview:large","max-video-preview":"max-video-preview:-1"},"canonical":"https:\/\/www.cdj-bouffort.com\/index.php\/practice-areas\/injonction-de-payer\/","og_locale":"fr_FR","og_type":"article","og_title":"Injonction de Payer - Recouvrement Huissier de Justice - Ma\u00eetre Bouffort","og_description":"R\u00e9cup\u00e9rez vos cr\u00e9ances rapidement. Recouvrement par Ma\u00eetre Bouffort et son \u00e9tude dans le Loiret (45), Loir et Cher (41), Indre et loire (37).","og_url":"https:\/\/www.cdj-bouffort.com\/index.php\/practice-areas\/injonction-de-payer\/","og_site_name":"SCP B\u00e9reng\u00e8re BOUFFORT","article_modified_time":"2021-12-23T11:48:15+00:00","twitter_card":"summary_large_image","twitter_misc":{"Dur\u00e9e de lecture estim\u00e9e":"4 minutes"},"schema":{"@context":"https:\/\/schema.org","@graph":[{"@type":"WebSite","@id":"https:\/\/www.cdj-bouffort.com\/#website","url":"https:\/\/www.cdj-bouffort.com\/","name":"SCP B\u00e9reng\u00e8re BOUFFORT","description":"Huissier de justice","potentialAction":[{"@type":"SearchAction","target":{"@type":"EntryPoint","urlTemplate":"https:\/\/www.cdj-bouffort.com\/?s={search_term_string}"},"query-input":"required name=search_term_string"}],"inLanguage":"fr-FR"},{"@type":"WebPage","@id":"https:\/\/www.cdj-bouffort.com\/index.php\/practice-areas\/injonction-de-payer\/#webpage","url":"https:\/\/www.cdj-bouffort.com\/index.php\/practice-areas\/injonction-de-payer\/","name":"Injonction de Payer - Recouvrement Huissier de Justice - Ma\u00eetre Bouffort","isPartOf":{"@id":"https:\/\/www.cdj-bouffort.com\/#website"},"datePublished":"2021-12-09T19:15:00+00:00","dateModified":"2021-12-23T11:48:15+00:00","description":"R\u00e9cup\u00e9rez vos cr\u00e9ances rapidement. Recouvrement par Ma\u00eetre Bouffort et son \u00e9tude dans le Loiret (45), Loir et Cher (41), Indre et loire (37).","breadcrumb":{"@id":"https:\/\/www.cdj-bouffort.com\/index.php\/practice-areas\/injonction-de-payer\/#breadcrumb"},"inLanguage":"fr-FR","potentialAction":[{"@type":"ReadAction","target":["https:\/\/www.cdj-bouffort.com\/index.php\/practice-areas\/injonction-de-payer\/"]}]},{"@type":"BreadcrumbList","@id":"https:\/\/www.cdj-bouffort.com\/index.php\/practice-areas\/injonction-de-payer\/#breadcrumb","itemListElement":[{"@type":"ListItem","position":1,"name":"Accueil","item":"https:\/\/www.cdj-bouffort.com\/"},{"@type":"ListItem","position":2,"name":"NOS SERVICES","item":"https:\/\/www.cdj-bouffort.com\/index.php\/practice-areas\/"},{"@type":"ListItem","position":3,"name":"Injonction de Payer"}]}]}},"_links":{"self":[{"href":"https:\/\/www.cdj-bouffort.com\/index.php\/wp-json\/wp\/v2\/pages\/11899"}],"collection":[{"href":"https:\/\/www.cdj-bouffort.com\/index.php\/wp-json\/wp\/v2\/pages"}],"about":[{"href":"https:\/\/www.cdj-bouffort.com\/index.php\/wp-json\/wp\/v2\/types\/page"}],"author":[{"embeddable":true,"href":"https:\/\/www.cdj-bouffort.com\/index.php\/wp-json\/wp\/v2\/users\/2"}],"replies":[{"embeddable":true,"href":"https:\/\/www.cdj-bouffort.com\/index.php\/wp-json\/wp\/v2\/comments?post=11899"}],"version-history":[{"count":18,"href":"https:\/\/www.cdj-bouffort.com\/index.php\/wp-json\/wp\/v2\/pages\/11899\/revisions"}],"predecessor-version":[{"id":12088,"href":"https:\/\/www.cdj-bouffort.com\/index.php\/wp-json\/wp\/v2\/pages\/11899\/revisions\/12088"}],"up":[{"embeddable":true,"href":"https:\/\/www.cdj-bouffort.com\/index.php\/wp-json\/wp\/v2\/pages\/6698"}],"wp:attachment":[{"href":"https:\/\/www.cdj-bouffort.com\/index.php\/wp-json\/wp\/v2\/media?parent=11899"}],"curies":[{"name":"wp","href":"https:\/\/api.w.org\/{rel}","templated":true}]}}